{"id":2,"date":"2024-04-12T08:39:04","date_gmt":"2024-04-12T08:39:04","guid":{"rendered":"http:\/\/capvesta.com\/?page_id=2"},"modified":"2025-12-12T08:44:08","modified_gmt":"2025-12-12T08:44:08","slug":"8-vektoren","status":"publish","type":"page","link":"https:\/\/capvesta.com\/?page_id=2","title":{"rendered":"8 Vektoren"},"content":{"rendered":"\n<section id=\"g-05bzjbx\" class=\"wp-block-gutentor-m0 section-g-05bzjbx gutentor-module gutentor-module-carousel gutentor-slick-a-default-desktop gutentor-slick-a-default-tablet gutentor-slick-a-default-mobile\"><div class=\"grid-container\"><div class=\"gutentor-module-carousel-row\" data-dots=\"false\" data-dotstablet=\"false\" data-dotsmobile=\"false\" data-arrows=\"true\" data-arrowstablet=\"true\" data-arrowsmobile=\"true\" data-infinite=\"false\" data-autoplay=\"false\" data-draggable=\"true\" data-pauseonfocus=\"true\" data-pauseonhover=\"true\" data-autoplayspeed=\"3000\" data-cmondesktop=\"false\" data-cmontablet=\"false\" data-cmonmobile=\"false\" data-nextarrow=\"fas fa-angle-right\" data-prevarrow=\"fas fa-angle-left\" data-arrowspositiondesktop=\"gutentor-slick-a-default-desktop\" data-arrowspositiontablet=\"gutentor-slick-a-default-tablet\" data-arrowspositionmobile=\"gutentor-slick-a-default-mobile\" data-speed=\"300\" data-slideitemdesktop=\"3\" data-slideitemtablet=\"3\" data-slideitemmobile=\"2\" data-slidescroll-desktop=\"3\" data-slidescroll-tablet=\"3\" data-slidescroll-mobile=\"2\">\n<div id=\"col-g-bp1zk2o\" class=\"wp-block-gutentor-m0-col col-g-bp1zk2o gutentor-carousel-item\"><div id=\"section-g-bp1zk2o\" class=\"section-g-bp1zk2o gutentor-col-wrap\">\n<p><strong>PSI Product &amp; Service Innovation<\/strong><\/p>\n\n\n\n<p><img loading=\"lazy\" decoding=\"async\" width=\"2048\" height=\"1367\" class=\"wp-image-168\" style=\"width: 150px\" src=\"http:\/\/capvesta.com\/wp-content\/uploads\/2025\/12\/1_PSI_Image.jpg\" alt=\"\" srcset=\"https:\/\/capvesta.com\/wp-content\/uploads\/2025\/12\/1_PSI_Image.jpg 2048w, https:\/\/capvesta.com\/wp-content\/uploads\/2025\/12\/1_PSI_Image-300x200.jpg 300w, https:\/\/capvesta.com\/wp-content\/uploads\/2025\/12\/1_PSI_Image-1024x684.jpg 1024w, https:\/\/capvesta.com\/wp-content\/uploads\/2025\/12\/1_PSI_Image-768x513.jpg 768w, https:\/\/capvesta.com\/wp-content\/uploads\/2025\/12\/1_PSI_Image-1536x1025.jpg 1536w\" sizes=\"auto, (max-width: 2048px) 100vw, 2048px\" \/><br>Ein leistungsf\u00e4higer, hochgradig digitalisierter Prozess zur Innovation der eigenen Produkte und Leistungen ist die Basis kontinuierlich erfolgreicher Produkt- und Dienstleistungsentwicklung. Ein solcher Prozess basiert auf einer ausgepr\u00e4gten Kunden- und Marktorientierung, welche Kunden-Feedback und weitere Informationen sammelt, diese Daten analysiert, die Zusammenarbeit f\u00f6rdert und Angebote evolution\u00e4r und wenn n\u00f6tig revolution\u00e4r entwickelt, um den Wert, die Leistung und die Kundenfreundlichkeit der eigenen Produkte und Dienstleistungen st\u00e4ndig zu steigern. Wir nennen diesen Prozess PSI &#8211; Product &amp; Service Innovation. Zu den wichtigsten Methoden von PSI geh\u00f6ren die aktive Beobachtung des Marktes, die Implementierung von externen und internen Feedback-Schleifen, die Festlegung klarer Zustands-Ziele, die Kreation und das Testen neuer Ideen, die Einbeziehung von Kunden in die Entwicklung, die Erstellung von Business Cases bzw. Businesspl\u00e4nen, sowie eine zahlen- und faktenbasierte Entscheidungsfindung.<\/p>\n<\/div><\/div>\n\n\n\n<div id=\"col-g-95bgv3t\" class=\"wp-block-gutentor-m0-col col-g-95bgv3t gutentor-carousel-item\"><div id=\"section-g-95bgv3t\" class=\"section-g-95bgv3t gutentor-col-wrap\">\n<div id=\"section-g-o1104aq\" class=\"wp-block-gutentor-e0 section-g-o1104aq gutentor-element gutentor-element-advanced-text\"><div class=\"gutentor-text-wrap\"><p class=\"gutentor-text\"><strong>CAA Customer Acquisition Acceleration<\/strong><br><br><img loading=\"lazy\" decoding=\"async\" width=\"2048\" height=\"1365\" class=\"wp-image-169\" style=\"width: 150px\" src=\"http:\/\/capvesta.com\/wp-content\/uploads\/2025\/12\/2_CAA_Image.jpg\" alt=\"\" srcset=\"https:\/\/capvesta.com\/wp-content\/uploads\/2025\/12\/2_CAA_Image.jpg 2048w, https:\/\/capvesta.com\/wp-content\/uploads\/2025\/12\/2_CAA_Image-300x200.jpg 300w, https:\/\/capvesta.com\/wp-content\/uploads\/2025\/12\/2_CAA_Image-1024x683.jpg 1024w, https:\/\/capvesta.com\/wp-content\/uploads\/2025\/12\/2_CAA_Image-768x512.jpg 768w, https:\/\/capvesta.com\/wp-content\/uploads\/2025\/12\/2_CAA_Image-1536x1024.jpg 1536w\" sizes=\"auto, (max-width: 2048px) 100vw, 2048px\" \/><br>Die Akquisition von Neukunden ist f\u00fcr Unternehmen ein elementar wichtiger Prozess zur Sicherstellung eines guten Gesch\u00e4ftsgangs. Eine Beschleunigung dieses Prozesses, welcher Unbekannte zu Interessenten und Interessenten zu Kunden macht, ist daher zumeist der schnellste Weg, die Gesch\u00e4ftsentwicklung dynamischer und die finanziellen Ergebnisse besser zu gestalten. Um die Kundenakquise zu beschleunigen, m\u00fcssen Unternehmen jede Phase ihres Marketing- und Verkaufs-Trichters optimieren bzw. maximieren, von der Ansprache potenzieller Interessenten \u00fcber gutes Zielgruppen-Marketing bis hin zu deren Umwandlung in zahlende Kunden (Konversion oder Conversion). Damit dies effizient und effektiv bleibt, ist ein strategisch sinnvoller, datengest\u00fctzter und methodisch korrekter Ansatz notwendig, der sowohl langfristige als auch kurzfristige Taktiken kombiniert.<\/p><\/div><\/div>\n<\/div><\/div>\n\n\n\n<div id=\"col-g-2oo99ol\" class=\"wp-block-gutentor-m0-col col-g-2oo99ol gutentor-carousel-item\"><div id=\"section-g-2oo99ol\" class=\"section-g-2oo99ol gutentor-col-wrap\">\n<div id=\"section-g-bxdb511\" class=\"wp-block-gutentor-e0 section-g-bxdb511 gutentor-element gutentor-element-advanced-text\"><div class=\"gutentor-text-wrap\"><p class=\"gutentor-text\"><strong>Customer Experience Optimization<\/strong><br><br><img loading=\"lazy\" decoding=\"async\" width=\"2048\" height=\"1365\" class=\"wp-image-170\" style=\"width: 150px\" src=\"http:\/\/capvesta.com\/wp-content\/uploads\/2025\/12\/3_CXO_Image.jpg\" alt=\"\" srcset=\"https:\/\/capvesta.com\/wp-content\/uploads\/2025\/12\/3_CXO_Image.jpg 2048w, https:\/\/capvesta.com\/wp-content\/uploads\/2025\/12\/3_CXO_Image-300x200.jpg 300w, https:\/\/capvesta.com\/wp-content\/uploads\/2025\/12\/3_CXO_Image-1024x683.jpg 1024w, https:\/\/capvesta.com\/wp-content\/uploads\/2025\/12\/3_CXO_Image-768x512.jpg 768w, https:\/\/capvesta.com\/wp-content\/uploads\/2025\/12\/3_CXO_Image-1536x1024.jpg 1536w\" sizes=\"auto, (max-width: 2048px) 100vw, 2048px\" \/><br>Customer Experience Optimization (CXO), oder auf Deutsch Kundenerlebnisoptimierung, ist der kontinuierliche Prozess der Verbesserung jeder Interaktion eines Kunden mit einem Unternehmen, um sicherzustellen, dass diese Interaktion positiv, angenehm, nahtlos und bestm\u00f6glich personalisiert ist, was letztendlich die Loyalit\u00e4t f\u00f6rdert und das Gesch\u00e4ftswachstum vorantreibt. Dazu geh\u00f6rt das Sammeln von Kundenfeedback und Daten \u00fcber alle Kontaktpunkte hinweg, von Websites und Apps \u00fcber die physische Nutzung eines Produktes oder die Erfahrung einer Dienstleistung bis hin zum Kundensupport und Interaktionen bei St\u00f6rungs- oder Reparaturf\u00e4llen, um Schwachstellen zu identifizieren, neue Strategien zur Kundenbindung zu testen und vor allem sicherzustellen, dass der Kunde auch beim n\u00e4chsten Mal wieder beim selben Unternehmen kauft.<\/p><\/div><\/div>\n<\/div><\/div>\n\n\n\n<div id=\"col-g-lv8mwpw\" class=\"wp-block-gutentor-m0-col col-g-lv8mwpw gutentor-carousel-item\"><div id=\"section-g-lv8mwpw\" class=\"section-g-lv8mwpw gutentor-col-wrap\">\n<div id=\"section-g-begfcb4\" class=\"wp-block-gutentor-e0 section-g-begfcb4 gutentor-element gutentor-element-advanced-text\"><div class=\"gutentor-text-wrap\"><p class=\"gutentor-text\"><strong>BPE Business Process Engineering<\/strong><br><br><img loading=\"lazy\" decoding=\"async\" width=\"2048\" height=\"1365\" class=\"wp-image-171\" style=\"width: 150px\" src=\"http:\/\/capvesta.com\/wp-content\/uploads\/2025\/12\/4_BPE_Image.jpg\" alt=\"\" srcset=\"https:\/\/capvesta.com\/wp-content\/uploads\/2025\/12\/4_BPE_Image.jpg 2048w, https:\/\/capvesta.com\/wp-content\/uploads\/2025\/12\/4_BPE_Image-300x200.jpg 300w, https:\/\/capvesta.com\/wp-content\/uploads\/2025\/12\/4_BPE_Image-1024x683.jpg 1024w, https:\/\/capvesta.com\/wp-content\/uploads\/2025\/12\/4_BPE_Image-768x512.jpg 768w, https:\/\/capvesta.com\/wp-content\/uploads\/2025\/12\/4_BPE_Image-1536x1024.jpg 1536w\" sizes=\"auto, (max-width: 2048px) 100vw, 2048px\" \/><br>BPE ist eine Methodik zur Analyse, Neugestaltung und Umsetzung effizienterer und effektiverer Verfahren zur Durchf\u00fchrung der st\u00e4ndigen Betriebsabl\u00e4ufe eines Unternehmens. BPE wird eingesetzt, um durch die Analyse und Verbesserung der Arbeitsabl\u00e4ufe Steigerungen relevanter Leistungskennzahlen wie Kosten, Qualit\u00e4t und Geschwindigkeit zu erzielen. Es unterscheidet sich von der schrittweisen Prozessverbesserung dadurch, dass es sich mehr auf radikale, gross angelegte Ver\u00e4nderungen konzentriert.<br>Die Begriffe \u201eBusiness Process Engineering\u201d und \u201eBusiness Process Reengineering\u201d (BPR) werden oft synonym verwendet, wobei es Unterschiede gibt: W\u00e4hrend \u201cEngineering\u201d mehr auf die Neukonzeption eines Prozesses zielt, nennt man Ver\u00e4nderungen an bestehenden Prozessen \u201cReengineering\u201d. Mit BPE meinen wir grunds\u00e4tzlich beides.<br><\/p><\/div><\/div>\n<\/div><\/div>\n\n\n\n<div id=\"col-g-tytm5qm\" class=\"wp-block-gutentor-m0-col col-g-tytm5qm gutentor-carousel-item\"><div id=\"section-g-tytm5qm\" class=\"section-g-tytm5qm gutentor-col-wrap\">\n<div id=\"section-g-v9ujjo5\" class=\"wp-block-gutentor-e0 section-g-v9ujjo5 gutentor-element gutentor-element-advanced-text\"><div class=\"gutentor-text-wrap\"><p class=\"gutentor-text\"><strong><strong>EXM Employee Experience Management<\/strong><\/strong><br><br><img loading=\"lazy\" decoding=\"async\" width=\"2048\" height=\"1098\" class=\"wp-image-172\" style=\"width: 150px\" src=\"http:\/\/capvesta.com\/wp-content\/uploads\/2025\/12\/5_EXM_Image.jpg\" alt=\"\" srcset=\"https:\/\/capvesta.com\/wp-content\/uploads\/2025\/12\/5_EXM_Image.jpg 2048w, https:\/\/capvesta.com\/wp-content\/uploads\/2025\/12\/5_EXM_Image-300x161.jpg 300w, https:\/\/capvesta.com\/wp-content\/uploads\/2025\/12\/5_EXM_Image-1024x549.jpg 1024w, https:\/\/capvesta.com\/wp-content\/uploads\/2025\/12\/5_EXM_Image-768x412.jpg 768w, https:\/\/capvesta.com\/wp-content\/uploads\/2025\/12\/5_EXM_Image-1536x824.jpg 1536w\" sizes=\"auto, (max-width: 2048px) 100vw, 2048px\" \/><br><br>Employee Experience Management (EXM) ist ein strategischer Ansatz zur Gestaltung, Verwaltung und Optimierung jeder Interaktion eines Mitarbeiters mit einem Unternehmen, um ein positives, motivierendes und produktives Arbeitsumfeld zu f\u00f6rdern. Es umfasst den gesamten Mitarbeiterlebenszyklus von der Rekrutierung \u00fcber die Einstellung bis zum Ausscheiden, und konzentriert sich auf Schl\u00fcsselbereiche wie Kultur, Wohlbefinden, Entwicklung, Anerkennung und Technologie, um die Zufriedenheit, Motivation und Bindung der Mitarbeiter zu steigern, was letztlich der Unternehmensleistung zugute kommt.<\/p><\/div><\/div>\n<\/div><\/div>\n\n\n\n<div id=\"col-g-8ou2r1h\" class=\"wp-block-gutentor-m0-col col-g-8ou2r1h gutentor-carousel-item\"><div id=\"section-g-8ou2r1h\" class=\"section-g-8ou2r1h gutentor-col-wrap\">\n<div id=\"section-g-agac131\" class=\"wp-block-gutentor-e0 section-g-agac131 gutentor-element gutentor-element-advanced-text\"><div class=\"gutentor-text-wrap\"><p class=\"gutentor-text\"><strong>OLI Organizational Learning Implementation<\/strong><br><br><img loading=\"lazy\" decoding=\"async\" width=\"2048\" height=\"1152\" class=\"wp-image-187\" style=\"width: 150px\" src=\"http:\/\/capvesta.com\/wp-content\/uploads\/2025\/12\/6_OLI_Image.jpg\" alt=\"\" srcset=\"https:\/\/capvesta.com\/wp-content\/uploads\/2025\/12\/6_OLI_Image.jpg 2048w, https:\/\/capvesta.com\/wp-content\/uploads\/2025\/12\/6_OLI_Image-300x169.jpg 300w, https:\/\/capvesta.com\/wp-content\/uploads\/2025\/12\/6_OLI_Image-1024x576.jpg 1024w, https:\/\/capvesta.com\/wp-content\/uploads\/2025\/12\/6_OLI_Image-768x432.jpg 768w, https:\/\/capvesta.com\/wp-content\/uploads\/2025\/12\/6_OLI_Image-1536x864.jpg 1536w\" sizes=\"auto, (max-width: 2048px) 100vw, 2048px\" \/><br><br>Die Implementierung von organisationalem Lernen umfasst das Schaffen, Teilen, Bewahren und Anwenden von Wissen, um die Leistung zu verbessern und sich an Ver\u00e4nderungen anzupassen. Zu den wichtigsten Schritten geh\u00f6ren die F\u00f6rderung einer Lernkultur, die Experimente und Zusammenarbeit beg\u00fcnstigt, die Integration des Lernens in die t\u00e4glichen Prozesse, die Nutzung von Wissensmanagementsystemen zur Erfassung von Erkenntnissen und die Nutzung der F\u00fchrungsrolle, um durch Feedback und strukturierte Anpassung kontinuierliche Verbesserungen voranzutreiben.<\/p><\/div><\/div>\n<\/div><\/div>\n\n\n\n<div id=\"col-g-00ryq0f\" class=\"wp-block-gutentor-m0-col col-g-00ryq0f gutentor-carousel-item\"><div id=\"section-g-00ryq0f\" class=\"section-g-00ryq0f gutentor-col-wrap\">\n<div id=\"section-g-4uo44im\" class=\"wp-block-gutentor-e0 section-g-4uo44im gutentor-element gutentor-element-advanced-text\"><div class=\"gutentor-text-wrap\"><p class=\"gutentor-text\"><strong>BRS Business Resilience Strengthening<\/strong><br><br><img loading=\"lazy\" decoding=\"async\" width=\"2048\" height=\"639\" class=\"wp-image-173\" style=\"width: 150px\" src=\"http:\/\/capvesta.com\/wp-content\/uploads\/2025\/12\/7_BRS_Image.jpg\" alt=\"\" srcset=\"https:\/\/capvesta.com\/wp-content\/uploads\/2025\/12\/7_BRS_Image.jpg 2048w, https:\/\/capvesta.com\/wp-content\/uploads\/2025\/12\/7_BRS_Image-300x94.jpg 300w, https:\/\/capvesta.com\/wp-content\/uploads\/2025\/12\/7_BRS_Image-1024x320.jpg 1024w, https:\/\/capvesta.com\/wp-content\/uploads\/2025\/12\/7_BRS_Image-768x240.jpg 768w, https:\/\/capvesta.com\/wp-content\/uploads\/2025\/12\/7_BRS_Image-1536x479.jpg 1536w\" sizes=\"auto, (max-width: 2048px) 100vw, 2048px\" \/><br><br>Business Resilience Strengthening (BRS), die St\u00e4rkung der gesch\u00e4ftlichen Resilienz, erh\u00f6ht die F\u00e4higkeit eines Unternehmens, St\u00f6rungen durch h\u00f6here Gewalt oder Vorsatz zu \u00fcberstehen, sich anzupassen und sich von ihnen zu erholen, um kritische Funktionen aufrechtzuerhalten, Mitarbeiter und Verm\u00f6genswerte zu sch\u00fctzen und langfristig erfolgreich zu sein. Sie geht \u00fcber die reine Notfallwiederherstellung hinaus, indem sie das Unternehmen bef\u00e4higt, sich aktiv an ver\u00e4nderte Umst\u00e4nde anzupassen und gest\u00e4rkt daraus hervorzugehen.<\/p><\/div><\/div>\n<\/div><\/div>\n\n\n\n<div id=\"col-g-qzjjh2a\" class=\"wp-block-gutentor-m0-col col-g-qzjjh2a gutentor-carousel-item\"><div id=\"section-g-qzjjh2a\" class=\"section-g-qzjjh2a gutentor-col-wrap\">\n<div id=\"section-g-zp0all6\" class=\"wp-block-gutentor-e0 section-g-zp0all6 gutentor-element gutentor-element-advanced-text\"><div class=\"gutentor-text-wrap\"><p class=\"gutentor-text\"><strong>BMR Business Model Reinvention<\/strong> <br><br><img loading=\"lazy\" decoding=\"async\" width=\"2048\" height=\"629\" class=\"wp-image-174\" style=\"width: 150px\" src=\"http:\/\/capvesta.com\/wp-content\/uploads\/2025\/12\/8_BMR_Image.jpg\" alt=\"\" srcset=\"https:\/\/capvesta.com\/wp-content\/uploads\/2025\/12\/8_BMR_Image.jpg 2048w, https:\/\/capvesta.com\/wp-content\/uploads\/2025\/12\/8_BMR_Image-300x92.jpg 300w, https:\/\/capvesta.com\/wp-content\/uploads\/2025\/12\/8_BMR_Image-1024x315.jpg 1024w, https:\/\/capvesta.com\/wp-content\/uploads\/2025\/12\/8_BMR_Image-768x236.jpg 768w, https:\/\/capvesta.com\/wp-content\/uploads\/2025\/12\/8_BMR_Image-1536x472.jpg 1536w\" sizes=\"auto, (max-width: 2048px) 100vw, 2048px\" \/><br><br>Business Model Reinvention (BMR) ist ein systematischer, radikaler Ansatz zur Neugestaltung eines Gesch\u00e4ftsmodells, um in sich schnell ver\u00e4ndernden M\u00e4rkten und durch disruptive Technologien wie KI neue Wertsch\u00f6pfungsm\u00f6glichkeiten und Einnahmequellen zu erschliessen. Es geht nicht um inkrementelle Verbesserungen, sondern um eine fundamentale Neuausrichtung, wie ein Unternehmen Wert f\u00fcr Kunden schafft, diesen liefert und monetarisiert.<\/p><\/div><\/div>\n<\/div><\/div>\n<\/div><\/div><\/section>\n\n\n\n<p><\/p>\n\n\n","protected":false},"excerpt":{"rendered":"","protected":false},"author":1,"featured_media":0,"parent":0,"menu_order":1,"comment_status":"closed","ping_status":"closed","template":"","meta":{"footnotes":""},"class_list":["post-2","page","type-page","status-publish","hentry"],"_links":{"self":[{"href":"https:\/\/capvesta.com\/index.php?rest_route=\/wp\/v2\/pages\/2","targetHints":{"allow":["GET"]}}],"collection":[{"href":"https:\/\/capvesta.com\/index.php?rest_route=\/wp\/v2\/pages"}],"about":[{"href":"https:\/\/capvesta.com\/index.php?rest_route=\/wp\/v2\/types\/page"}],"author":[{"embeddable":true,"href":"https:\/\/capvesta.com\/index.php?rest_route=\/wp\/v2\/users\/1"}],"replies":[{"embeddable":true,"href":"https:\/\/capvesta.com\/index.php?rest_route=%2Fwp%2Fv2%2Fcomments&post=2"}],"version-history":[{"count":33,"href":"https:\/\/capvesta.com\/index.php?rest_route=\/wp\/v2\/pages\/2\/revisions"}],"predecessor-version":[{"id":196,"href":"https:\/\/capvesta.com\/index.php?rest_route=\/wp\/v2\/pages\/2\/revisions\/196"}],"wp:attachment":[{"href":"https:\/\/capvesta.com\/index.php?rest_route=%2Fwp%2Fv2%2Fmedia&parent=2"}],"curies":[{"name":"wp","href":"https:\/\/api.w.org\/{rel}","templated":true}]}}