{"id":5,"date":"2025-11-04T15:47:46","date_gmt":"2025-11-04T15:47:46","guid":{"rendered":"http:\/\/capvesta.com\/?page_id=5"},"modified":"2025-12-11T17:27:43","modified_gmt":"2025-12-11T17:27:43","slug":"willkommen-auf-http-capvesta-com","status":"publish","type":"page","link":"https:\/\/capvesta.com\/","title":{"rendered":"Home"},"content":{"rendered":"\n<p><strong>Digital.Business.Transformation. f\u00fcr Industrieunternehmen und KMU<\/strong><br><br>\u201c8ctagon Consulting unterst\u00fctzt Unternehmen bei der zielgerichteten Transformation aller durch Digitale Technologie gesteuerten Prozesse sowie bei Bedarf des Gesch\u00e4ftsmodells und macht sie zu effizienteren und effektiveren Organisationen, welche nachhaltig h\u00f6here Wertsch\u00f6pfung erzielen.\u201d<\/p>\n\n\n\n<p><\/p>\n","protected":false},"excerpt":{"rendered":"<p>Digital.Business.Transformation. f\u00fcr Industrieunternehmen und KMU \u201c8ctagon Consulting unterst\u00fctzt Unternehmen bei der zielgerichteten Transformation aller durch Digitale Technologie gesteuerten Prozesse sowie bei Bedarf des Gesch\u00e4ftsmodells und macht sie zu effizienteren und [&hellip;]<\/p>\n","protected":false},"author":1,"featured_media":0,"parent":0,"menu_order":0,"comment_status":"closed","ping_status":"closed","template":"","meta":{"footnotes":""},"class_list":["post-5","page","type-page","status-publish","hentry"],"_links":{"self":[{"href":"https:\/\/capvesta.com\/index.php?rest_route=\/wp\/v2\/pages\/5","targetHints":{"allow":["GET"]}}],"collection":[{"href":"https:\/\/capvesta.com\/index.php?rest_route=\/wp\/v2\/pages"}],"about":[{"href":"https:\/\/capvesta.com\/index.php?rest_route=\/wp\/v2\/types\/page"}],"author":[{"embeddable":true,"href":"https:\/\/capvesta.com\/index.php?rest_route=\/wp\/v2\/users\/1"}],"replies":[{"embeddable":true,"href":"https:\/\/capvesta.com\/index.php?rest_route=%2Fwp%2Fv2%2Fcomments&post=5"}],"version-history":[{"count":10,"href":"https:\/\/capvesta.com\/index.php?rest_route=\/wp\/v2\/pages\/5\/revisions"}],"predecessor-version":[{"id":185,"href":"https:\/\/capvesta.com\/index.php?rest_route=\/wp\/v2\/pages\/5\/revisions\/185"}],"wp:attachment":[{"href":"https:\/\/capvesta.com\/index.php?rest_route=%2Fwp%2Fv2%2Fmedia&parent=5"}],"curies":[{"name":"wp","href":"https:\/\/api.w.org\/{rel}","templated":true}]}}